{"id":4522,"date":"2019-07-08T08:41:21","date_gmt":"2019-07-08T08:41:21","guid":{"rendered":"https:\/\/urbes21.com\/politica-de-privacidad\/"},"modified":"2019-07-11T08:37:19","modified_gmt":"2019-07-11T08:37:19","slug":"privacy-policy","status":"publish","type":"page","link":"https:\/\/urbes21.com\/en\/privacy-policy\/","title":{"rendered":"Privacy policy"},"content":{"rendered":"<p><div class=\"fusion-fullwidth fullwidth-box fusion-builder-row-1 nonhundred-percent-fullwidth non-hundred-percent-height-scrolling\" style=\"--awb-border-radius-top-left:0px;--awb-border-radius-top-right:0px;--awb-border-radius-bottom-right:0px;--awb-border-radius-bottom-left:0px;--awb-flex-wrap:wrap;\" ><div class=\"fusion-builder-row fusion-row\"><div class=\"fusion-layout-column fusion_builder_column fusion-builder-column-0 fusion_builder_column_1_1 1_1 fusion-one-full fusion-column-first fusion-column-last\" style=\"--awb-bg-size:cover;\"><div class=\"fusion-column-wrapper fusion-flex-column-wrapper-legacy\"><div class=\"fusion-text fusion-text-1\"><h2 class=\"titular-azul\">Privacy policy<\/h2>\n<\/div><div class=\"fusion-clearfix\"><\/div><\/div><\/div><\/div><\/div><div class=\"fusion-fullwidth fullwidth-box fusion-builder-row-2 nonhundred-percent-fullwidth non-hundred-percent-height-scrolling\" style=\"--awb-border-radius-top-left:0px;--awb-border-radius-top-right:0px;--awb-border-radius-bottom-right:0px;--awb-border-radius-bottom-left:0px;--awb-flex-wrap:wrap;\" ><div class=\"fusion-builder-row fusion-row\"><div class=\"fusion-layout-column fusion_builder_column fusion-builder-column-1 fusion_builder_column_1_1 1_1 fusion-one-full fusion-column-first fusion-column-last\" style=\"--awb-bg-size:cover;\"><div class=\"fusion-column-wrapper fusion-flex-column-wrapper-legacy\"><div class=\"fusion-text fusion-text-2\"><p><strong>Cl\u00e1usula Informativa<\/strong><\/p>\n<p>Desde URBES 21 DOTACIONES URBANAS SOCIEDAD ANONIMA\u00a0 ( Avenida Marques de Valdecilla, 66) (C.P.: 39110) (Santander) (Cantabria) (comercial@urbes21.com), en adelante \u201cla empresa\u201d, le informamos que sus datos personales ser\u00e1n tratados por la empresa, con el fin de gestionar su solicitud y el mantenimiento de las relaciones profesionales y comerciales con usted. Sus datos no ser\u00e1n cedidos a terceros. Este tratamiento de datos es necesario para atender su solicitud. Sus datos ser\u00e1n conservados hasta que Usted se d\u00e9 de baja del servicio y\/o pasado un tiempo prudencial desde que atendamos su solicitud. Ud. puede ejercer sus derechos de acceso, rectificaci\u00f3n, cancelaci\u00f3n, oposici\u00f3n, portabilidad y limitaci\u00f3n del tratamiento de sus datos dirigi\u00e9ndose a la empresa acompa\u00f1ando copia de su DNI acreditando debidamente su identidad. En cualquier situaci\u00f3n, Ud. tiene derecho a presentar una reclamaci\u00f3n ante la Agencia Espa\u00f1ola de Protecci\u00f3n de Datos (AEPD).<\/p>\n<p>\u00a0<\/p>\n<p><strong>Pol\u00edtica de cookies<\/strong><\/p>\n<p><strong>\u00bfQu\u00e9 son las cookies?<\/strong><\/p>\n<p>Una cookie es un fichero que se descarga en su ordenador al acceder a determinadas p\u00e1ginas web. Las cookies permiten a una p\u00e1gina web, entre otras cosas, almacenar y recuperar informaci\u00f3n sobre las preferencias de navegaci\u00f3n de un usuario o de su equipo.<\/p>\n<p>La empresa utiliza cookies en su portal web para almacenar las preferencias del usuario con el fin de mejorar la calidad de nuestros servicios, asegurar el funcionamiento t\u00e9cnico tanto del portal como de las transacciones realizadas, <strong>y desarrollar nuevas y mejores prestaciones. Si se desactivan o rechazan las cookies, puede ocurrir que algunas de las funciones y\/o servicios no funcionen adecuadamente.<\/strong><\/p>\n<p>\u00a0<\/p>\n<p><strong>\u00bfQu\u00e9 Cookies utilizamos?<\/strong><\/p>\n<p>Utilizamos las siguientes cookies en nuestro portal<em>:<\/em><em>\u00a0<\/em><\/p>\n<table border=\"1px\" width=\"593\" cellpadding=\"5px\">\n<tbody>\n<tr>\n<td style=\"width: 117px;\">\n<p><strong>Dominio<\/strong><\/p>\n<\/td>\n<td style=\"width: 127px;\">\n<p><strong>Nombre<\/strong><\/p>\n<\/td>\n<td style=\"width: 184px;\">\n<p><strong>Finalidad<\/strong><\/p>\n<\/td>\n<td style=\"width: 135px;\">\n<p><strong>Caducidad<\/strong><\/p>\n<\/td>\n<\/tr>\n<tr>\n<td style=\"width: 117px;\">\n<p>propio<\/p>\n<\/td>\n<td style=\"width: 127px;\">\n<p>PHPSESSID<\/p>\n<\/td>\n<td style=\"width: 184px;\">\n<p>Control de sesi\u00f3n<\/p>\n<\/td>\n<td style=\"width: 135px;\">\n<p>6 meses<\/p>\n<\/td>\n<\/tr>\n<tr>\n<td style=\"width: 117px;\">\n<p><a href=\"https:\/\/policies.google.com\/technologies\/types\">google.com<\/a><\/p>\n<\/td>\n<td style=\"width: 127px;\">\n<p>M\u00faltiple<\/p>\n<\/td>\n<td style=\"width: 184px;\">\n<p>Seguridad y anal\u00edtica<\/p>\n<\/td>\n<td style=\"width: 135px;\">\n<p>Variable<\/p>\n<\/td>\n<\/tr>\n<\/tbody>\n<\/table>\n<p><em>\u00a0<\/em><\/p>\n<p><strong>\u00bfC\u00f3mo deshabilitar las cookies en los principales navegadores?<\/strong><\/p>\n<p>Normalmente es posible dejar de aceptar las Cookies del navegador, o dejar de aceptar las Cookies de un Servicio en particular. Todos los navegadores modernos permiten cambiar la configuraci\u00f3n de Cookies. Estos ajustes normalmente se encuentran en las \u2018opciones\u2019 o \u2018Preferencias\u2019 del men\u00fa de su navegador. Aunque puede variar ligeramente de una versi\u00f3n de navegador a otra, la configuraci\u00f3n de la pol\u00edtica de cookies para los navegadores m\u00e1s utilizados es la siguiente:<\/p>\n<ul>\n<li><strong>Internet Explorer<\/strong>:\u00a0 Herramientas\u00a0 -&gt;\u00a0 Opciones\u00a0 de\u00a0 Internet\u00a0 -&gt;\u00a0 Privacidad\u00a0 -&gt; Configuraci\u00f3n.<\/li>\n<li><strong>Firefox<\/strong>: Herramientas -&gt; Opciones -&gt; Privacidad -&gt; Historial -&gt; Configuraci\u00f3n Personalizada.<\/li>\n<li><strong>Chrome<\/strong>: Configuraci\u00f3n\u00a0\u00a0\u00a0\u00a0\u00a0\u00a0\u00a0 -&gt;\u00a0\u00a0\u00a0\u00a0\u00a0 Mostrar\u00a0\u00a0\u00a0\u00a0\u00a0\u00a0 opciones\u00a0\u00a0\u00a0\u00a0\u00a0 avanzadas -&gt;\u00a0\u00a0\u00a0\u00a0\u00a0 Privacidad\u00a0\u00a0 -&gt; Configuraci\u00f3n de contenido.<\/li>\n<li><strong>Safari<\/strong>: Preferencias -&gt; Seguridad.<\/li>\n<\/ul>\n<p>Para m\u00e1s informaci\u00f3n, puede consultar el soporte o la ayuda de su navegador.<\/p>\n<p>\u00a0<\/p>\n<\/div><div class=\"fusion-clearfix\"><\/div><\/div><\/div><\/div><\/div><\/p>\n","protected":false},"excerpt":{"rendered":"","protected":false},"author":1,"featured_media":0,"parent":0,"menu_order":0,"comment_status":"closed","ping_status":"closed","template":"100-width.php","meta":{"_acf_changed":false,"_monsterinsights_skip_tracking":false,"_monsterinsights_sitenote_active":false,"_monsterinsights_sitenote_note":"","_monsterinsights_sitenote_category":0,"footnotes":""},"class_list":["post-4522","page","type-page","status-publish","hentry"],"acf":[],"yoast_head":"<!-- This site is optimized with the Yoast SEO plugin v26.8 - https:\/\/yoast.com\/product\/yoast-seo-wordpress\/ -->\n<title>Privacy policy - Urbes 21 Mobiliario Urbano<\/title>\n<meta name=\"robots\" content=\"index, follow, max-snippet:-1, max-image-preview:large, max-video-preview:-1\" \/>\n<link rel=\"canonical\" href=\"https:\/\/urbes21.com\/en\/privacy-policy\/\" \/>\n<meta property=\"og:locale\" content=\"en_US\" \/>\n<meta property=\"og:type\" content=\"article\" \/>\n<meta property=\"og:title\" content=\"Privacy policy - Urbes 21 Mobiliario Urbano\" \/>\n<meta property=\"og:url\" content=\"https:\/\/urbes21.com\/en\/privacy-policy\/\" \/>\n<meta property=\"og:site_name\" content=\"Urbes 21 Mobiliario Urbano\" \/>\n<meta property=\"article:modified_time\" content=\"2019-07-11T08:37:19+00:00\" \/>\n<meta name=\"twitter:card\" content=\"summary_large_image\" \/>\n<meta name=\"twitter:label1\" content=\"Est. reading time\" \/>\n\t<meta name=\"twitter:data1\" content=\"4 minutes\" \/>\n<script type=\"application\/ld+json\" class=\"yoast-schema-graph\">{\"@context\":\"https:\/\/schema.org\",\"@graph\":[{\"@type\":\"WebPage\",\"@id\":\"https:\/\/urbes21.com\/en\/privacy-policy\/\",\"url\":\"https:\/\/urbes21.com\/en\/privacy-policy\/\",\"name\":\"Privacy policy - Urbes 21 Mobiliario Urbano\",\"isPartOf\":{\"@id\":\"https:\/\/urbes21.com\/#website\"},\"datePublished\":\"2019-07-08T08:41:21+00:00\",\"dateModified\":\"2019-07-11T08:37:19+00:00\",\"breadcrumb\":{\"@id\":\"https:\/\/urbes21.com\/en\/privacy-policy\/#breadcrumb\"},\"inLanguage\":\"en-US\",\"potentialAction\":[{\"@type\":\"ReadAction\",\"target\":[\"https:\/\/urbes21.com\/en\/privacy-policy\/\"]}]},{\"@type\":\"BreadcrumbList\",\"@id\":\"https:\/\/urbes21.com\/en\/privacy-policy\/#breadcrumb\",\"itemListElement\":[{\"@type\":\"ListItem\",\"position\":1,\"name\":\"Home\",\"item\":\"https:\/\/urbes21.com\/en\/\"},{\"@type\":\"ListItem\",\"position\":2,\"name\":\"Privacy policy\"}]},{\"@type\":\"WebSite\",\"@id\":\"https:\/\/urbes21.com\/#website\",\"url\":\"https:\/\/urbes21.com\/\",\"name\":\"Urbes 21 Mobiliario Urbano\",\"description\":\"Urbes 21 fabrica su mobiliario urbano con los mejores materiales, como son el hierro fundido y el acero inoxidable AISI 316, garantizando, de esta forma, un aspecto siempre nuevo. La calidad de la madera tropical tratada y barnizada a poro abierto es excelente.\",\"potentialAction\":[{\"@type\":\"SearchAction\",\"target\":{\"@type\":\"EntryPoint\",\"urlTemplate\":\"https:\/\/urbes21.com\/?s={search_term_string}\"},\"query-input\":{\"@type\":\"PropertyValueSpecification\",\"valueRequired\":true,\"valueName\":\"search_term_string\"}}],\"inLanguage\":\"en-US\"}]}<\/script>\n<!-- \/ Yoast SEO plugin. -->","yoast_head_json":{"title":"Privacy policy - Urbes 21 Mobiliario Urbano","robots":{"index":"index","follow":"follow","max-snippet":"max-snippet:-1","max-image-preview":"max-image-preview:large","max-video-preview":"max-video-preview:-1"},"canonical":"https:\/\/urbes21.com\/en\/privacy-policy\/","og_locale":"en_US","og_type":"article","og_title":"Privacy policy - Urbes 21 Mobiliario Urbano","og_url":"https:\/\/urbes21.com\/en\/privacy-policy\/","og_site_name":"Urbes 21 Mobiliario Urbano","article_modified_time":"2019-07-11T08:37:19+00:00","twitter_card":"summary_large_image","twitter_misc":{"Est. reading time":"4 minutes"},"schema":{"@context":"https:\/\/schema.org","@graph":[{"@type":"WebPage","@id":"https:\/\/urbes21.com\/en\/privacy-policy\/","url":"https:\/\/urbes21.com\/en\/privacy-policy\/","name":"Privacy policy - Urbes 21 Mobiliario Urbano","isPartOf":{"@id":"https:\/\/urbes21.com\/#website"},"datePublished":"2019-07-08T08:41:21+00:00","dateModified":"2019-07-11T08:37:19+00:00","breadcrumb":{"@id":"https:\/\/urbes21.com\/en\/privacy-policy\/#breadcrumb"},"inLanguage":"en-US","potentialAction":[{"@type":"ReadAction","target":["https:\/\/urbes21.com\/en\/privacy-policy\/"]}]},{"@type":"BreadcrumbList","@id":"https:\/\/urbes21.com\/en\/privacy-policy\/#breadcrumb","itemListElement":[{"@type":"ListItem","position":1,"name":"Home","item":"https:\/\/urbes21.com\/en\/"},{"@type":"ListItem","position":2,"name":"Privacy policy"}]},{"@type":"WebSite","@id":"https:\/\/urbes21.com\/#website","url":"https:\/\/urbes21.com\/","name":"Urbes 21 Mobiliario Urbano","description":"Urbes 21 fabrica su mobiliario urbano con los mejores materiales, como son el hierro fundido y el acero inoxidable AISI 316, garantizando, de esta forma, un aspecto siempre nuevo. La calidad de la madera tropical tratada y barnizada a poro abierto es excelente.","potentialAction":[{"@type":"SearchAction","target":{"@type":"EntryPoint","urlTemplate":"https:\/\/urbes21.com\/?s={search_term_string}"},"query-input":{"@type":"PropertyValueSpecification","valueRequired":true,"valueName":"search_term_string"}}],"inLanguage":"en-US"}]}},"_links":{"self":[{"href":"https:\/\/urbes21.com\/en\/wp-json\/wp\/v2\/pages\/4522","targetHints":{"allow":["GET"]}}],"collection":[{"href":"https:\/\/urbes21.com\/en\/wp-json\/wp\/v2\/pages"}],"about":[{"href":"https:\/\/urbes21.com\/en\/wp-json\/wp\/v2\/types\/page"}],"author":[{"embeddable":true,"href":"https:\/\/urbes21.com\/en\/wp-json\/wp\/v2\/users\/1"}],"replies":[{"embeddable":true,"href":"https:\/\/urbes21.com\/en\/wp-json\/wp\/v2\/comments?post=4522"}],"version-history":[{"count":5,"href":"https:\/\/urbes21.com\/en\/wp-json\/wp\/v2\/pages\/4522\/revisions"}],"predecessor-version":[{"id":4530,"href":"https:\/\/urbes21.com\/en\/wp-json\/wp\/v2\/pages\/4522\/revisions\/4530"}],"wp:attachment":[{"href":"https:\/\/urbes21.com\/en\/wp-json\/wp\/v2\/media?parent=4522"}],"curies":[{"name":"wp","href":"https:\/\/api.w.org\/{rel}","templated":true}]}}